{"id":17248,"date":"2025-03-14T14:23:35","date_gmt":"2025-03-14T14:23:35","guid":{"rendered":"https:\/\/larosegroupe.ch\/?page_id=17248"},"modified":"2025-03-14T14:25:32","modified_gmt":"2025-03-14T14:25:32","slug":"politique-de-cookies","status":"publish","type":"page","link":"https:\/\/larosegroupe.ch\/en\/politique-de-cookies\/","title":{"rendered":"Politique de Cookies"},"content":{"rendered":"\t\t<div data-elementor-type=\"wp-page\" data-elementor-id=\"17248\" class=\"elementor elementor-17248\" data-elementor-post-type=\"page\">\n\t\t\t\t<div class=\"elementor-element elementor-element-466510b e-ecs-flex e-flex e-con-boxed e-con e-parent\" data-id=\"466510b\" data-element_type=\"container\" data-e-type=\"container\" data-settings=\"{&quot;ecs_container_type&quot;:&quot;flex&quot;}\">\n\t\t\t\t\t<div class=\"e-con-inner\">\n\t\t\t\t<div class=\"elementor-element elementor-element-335567e elementor-widget elementor-widget-spacer\" data-id=\"335567e\" data-element_type=\"widget\" data-e-type=\"widget\" data-widget_type=\"spacer.default\">\n\t\t\t\t<div class=\"elementor-widget-container\">\n\t\t\t\t\t\t\t<div class=\"elementor-spacer\">\n\t\t\t<div class=\"elementor-spacer-inner\"><\/div>\n\t\t<\/div>\n\t\t\t\t\t\t<\/div>\n\t\t\t\t<\/div>\n\t\t\t\t<div class=\"elementor-element elementor-element-cdaedf7 elementor-widget elementor-widget-text-editor\" data-id=\"cdaedf7\" data-element_type=\"widget\" data-e-type=\"widget\" data-widget_type=\"text-editor.default\">\n\t\t\t\t<div class=\"elementor-widget-container\">\n\t\t\t\t\t\t\t\t\t<p class=\"p3\"><b>Politique de Cookies<\/b><b><\/b><\/p><p class=\"p1\"><b>Derni\u00e8re mise \u00e0 jour : [Date]<\/b><b><\/b><\/p><p class=\"p5\"><b>1. Introduction<\/b><b><\/b><\/p><p class=\"p1\">Le site <a href=\"www.larosegroupe.ch\"><b>www.larosegroupe.ch<\/b><\/a> utilise des cookies pour am\u00e9liorer l\u2019exp\u00e9rience utilisateur et analyser le trafic du site. En naviguant sur notre site, vous acceptez l\u2019utilisation de cookies conform\u00e9ment \u00e0 cette politique.<\/p><p class=\"p5\"><b>2. Qu\u2019est-ce qu\u2019un cookie ?<\/b><b><\/b><\/p><p class=\"p1\">Un cookie est un petit fichier texte stock\u00e9 sur votre appareil (ordinateur, smartphone, tablette) lorsque vous visitez un site web. Il permet de m\u00e9moriser vos pr\u00e9f\u00e9rences et d\u2019am\u00e9liorer votre navigation.<\/p><p class=\"p5\"><b>3. Types de Cookies Utilis\u00e9s<\/b><b><\/b><\/p><p class=\"p1\">\ud83d\udd39 <b>Cookies Essentiels<\/b> : N\u00e9cessaires au bon fonctionnement du site. Sans eux, certaines fonctionnalit\u00e9s ne seront pas accessibles.<\/p><p class=\"p1\">\ud83d\udd39 <b>Cookies Analytiques<\/b> : Nous aident \u00e0 comprendre comment les visiteurs utilisent notre site (ex. Google Analytics).<\/p><p class=\"p1\">\ud83d\udd39 <b>Cookies Publicitaires<\/b> : Utilis\u00e9s pour afficher des publicit\u00e9s adapt\u00e9es \u00e0 vos int\u00e9r\u00eats.<\/p><p class=\"p5\"><b>4. Gestion des Cookies<\/b><b><\/b><\/p><p class=\"p1\">Vous pouvez configurer votre navigateur pour bloquer ou supprimer les cookies \u00e0 tout moment :<\/p><p class=\"p6\">\u2022<b>Google Chrome<\/b> : <a href=\"https:\/\/support.google.com\/chrome\/answer\/95647?hl=fr\">Param\u00e8tres des cookies<\/a><\/p><p class=\"p6\">\u2022<b>Mozilla Firefox<\/b> : <a href=\"https:\/\/support.mozilla.org\/fr\/kb\/effacer-les-cookies-pour-supprimer-les-informations\">G\u00e9rer les cookies<\/a><\/p><p class=\"p6\">\u2022<b>Safari<\/b> : <a href=\"https:\/\/support.apple.com\/fr-fr\/guide\/safari\/sfri11471\/mac\">Bloquer les cookies<\/a><\/p><p class=\"p6\">\u2022<b>Microsoft Edge<\/b> : <a href=\"https:\/\/support.microsoft.com\/fr-fr\/help\/4027947\/microsoft-edge-delete-cookies\">Supprimer les cookies<\/a><\/p><p class=\"p5\"><b>5. Modifications de cette Politique<\/b><b><\/b><\/p><p class=\"p1\">Nous pouvons mettre \u00e0 jour cette politique de cookies \u00e0 tout moment. Toute modification sera publi\u00e9e sur cette page.<\/p><p class=\"p1\">\ud83d\udce7 <b>Contact :<\/b> Pour toute question, vous pouvez nous \u00e9crire \u00e0 <b>info@larosegroupe.ch<\/b>.<\/p>\t\t\t\t\t\t\t\t<\/div>\n\t\t\t\t<\/div>\n\t\t\t\t\t<\/div>\n\t\t\t\t<\/div>\n\t\t\t\t<\/div>\n\t\t","protected":false},"excerpt":{"rendered":"<p>Politique de Cookies Derni\u00e8re mise \u00e0 jour : [Date] 1. Introduction Le site www.larosegroupe.ch utilise des cookies pour am\u00e9liorer l\u2019exp\u00e9rience utilisateur et analyser le trafic du site. En naviguant sur notre site, vous acceptez l\u2019utilisation de cookies conform\u00e9ment \u00e0 cette politique. 2. Qu\u2019est-ce qu\u2019un cookie ? Un cookie est un petit fichier texte stock\u00e9 sur&hellip;&nbsp;<a href=\"https:\/\/larosegroupe.ch\/en\/politique-de-cookies\/\" rel=\"bookmark\">Read More &raquo;<span class=\"screen-reader-text\">Politique de Cookies<\/span><\/a><\/p>\n","protected":false},"author":1,"featured_media":0,"parent":0,"menu_order":0,"comment_status":"closed","ping_status":"closed","template":"page-templates\/template-pagebuilder-full-width.php","meta":{"_acf_changed":false,"nf_dc_page":"","neve_meta_sidebar":"","neve_meta_container":"","neve_meta_enable_content_width":"","neve_meta_content_width":0,"neve_meta_title_alignment":"","neve_meta_author_avatar":"","neve_post_elements_order":"","neve_meta_disable_header":"","neve_meta_disable_footer":"","neve_meta_disable_title":"","footnotes":""},"acheter":[],"class_list":["post-17248","page","type-page","status-publish","hentry"],"acf":[],"_links":{"self":[{"href":"https:\/\/larosegroupe.ch\/en\/wp-json\/wp\/v2\/pages\/17248","targetHints":{"allow":["GET"]}}],"collection":[{"href":"https:\/\/larosegroupe.ch\/en\/wp-json\/wp\/v2\/pages"}],"about":[{"href":"https:\/\/larosegroupe.ch\/en\/wp-json\/wp\/v2\/types\/page"}],"author":[{"embeddable":true,"href":"https:\/\/larosegroupe.ch\/en\/wp-json\/wp\/v2\/users\/1"}],"replies":[{"embeddable":true,"href":"https:\/\/larosegroupe.ch\/en\/wp-json\/wp\/v2\/comments?post=17248"}],"version-history":[{"count":4,"href":"https:\/\/larosegroupe.ch\/en\/wp-json\/wp\/v2\/pages\/17248\/revisions"}],"predecessor-version":[{"id":17252,"href":"https:\/\/larosegroupe.ch\/en\/wp-json\/wp\/v2\/pages\/17248\/revisions\/17252"}],"wp:attachment":[{"href":"https:\/\/larosegroupe.ch\/en\/wp-json\/wp\/v2\/media?parent=17248"}],"wp:term":[{"taxonomy":"acheter","embeddable":true,"href":"https:\/\/larosegroupe.ch\/en\/wp-json\/wp\/v2\/acheter?post=17248"}],"curies":[{"name":"wp","href":"https:\/\/api.w.org\/{rel}","templated":true}]}}