{"id":10227,"date":"2022-08-04T17:40:37","date_gmt":"2022-08-04T17:40:37","guid":{"rendered":"https:\/\/larosegroupe.ch\/?page_id=10227"},"modified":"2025-04-23T17:11:53","modified_gmt":"2025-04-23T17:11:53","slug":"faq","status":"publish","type":"page","link":"https:\/\/larosegroupe.ch\/en\/faq\/","title":{"rendered":"FAQ"},"content":{"rendered":"\t\t<div data-elementor-type=\"wp-page\" data-elementor-id=\"10227\" class=\"elementor elementor-10227\" data-elementor-post-type=\"page\">\n\t\t\t\t\t\t<section class=\"elementor-section elementor-top-section elementor-element elementor-element-e367d23 elementor-section-full_width elementor-section-height-default elementor-section-height-default\" data-id=\"e367d23\" data-element_type=\"section\" data-e-type=\"section\" data-settings=\"{&quot;background_background&quot;:&quot;classic&quot;}\">\n\t\t\t\t\t\t<div class=\"elementor-container elementor-column-gap-default\">\n\t\t\t\t\t<div class=\"elementor-column elementor-col-100 elementor-top-column elementor-element elementor-element-e6f1cb3\" data-id=\"e6f1cb3\" data-element_type=\"column\" data-e-type=\"column\">\n\t\t\t<div class=\"elementor-widget-wrap elementor-element-populated\">\n\t\t\t\t\t\t<div class=\"elementor-element elementor-element-b65af76 elementor-widget elementor-widget-elementskit-heading\" data-id=\"b65af76\" data-element_type=\"widget\" data-e-type=\"widget\" data-widget_type=\"elementskit-heading.default\">\n\t\t\t\t<div class=\"elementor-widget-container\">\n\t\t\t\t\t<div class=\"ekit-wid-con\" ><div class=\"ekit-heading elementskit-section-title-wraper center   ekit_heading_tablet-   ekit_heading_mobile-\"><h2 class=\"ekit-heading--title elementskit-section-title \">FAQ<\/h2><\/div><\/div>\t\t\t\t<\/div>\n\t\t\t\t<\/div>\n\t\t\t\t<section class=\"elementor-section elementor-inner-section elementor-element elementor-element-91bfcb8 elementor-section-full_width elementor-section-height-default elementor-section-height-default\" data-id=\"91bfcb8\" data-element_type=\"section\" data-e-type=\"section\">\n\t\t\t\t\t\t<div class=\"elementor-container elementor-column-gap-default\">\n\t\t\t\t\t<div class=\"elementor-column elementor-col-100 elementor-inner-column elementor-element elementor-element-f40b29a\" data-id=\"f40b29a\" data-element_type=\"column\" data-e-type=\"column\">\n\t\t\t<div class=\"elementor-widget-wrap elementor-element-populated\">\n\t\t\t\t\t\t<div class=\"elementor-element elementor-element-572a9c6 e--animation-slide elementor-nav-menu--dropdown-mobile ecs-nav-layout-horizontal e--pointer-underline elementor-widget elementor-widget-nav-menu\" data-id=\"572a9c6\" data-element_type=\"widget\" data-e-type=\"widget\" data-settings=\"{&quot;submenu_icon&quot;:{&quot;value&quot;:&quot;&lt;i class=\\&quot;\\&quot; aria-hidden=\\&quot;true\\&quot;&gt;&lt;\\\/i&gt;&quot;,&quot;library&quot;:&quot;&quot;},&quot;layout&quot;:&quot;horizontal&quot;}\" data-widget_type=\"nav-menu.default\">\n\t\t\t\t<div class=\"elementor-widget-container\">\n\t\t\t\t\t\t\t\t<nav aria-label=\"Menu\" class=\"elementor-nav-menu--main elementor-nav-menu__container elementor-nav-menu--layout-horizontal e--pointer-underline e--animation-slide\">\n\t\t\t\t<ul id=\"menu-1-572a9c6\" class=\"elementor-nav-menu\"><li class=\"menu-item menu-item-type-post_type menu-item-object-page menu-item-13995\"><a href=\"https:\/\/larosegroupe.ch\/en\/faq\/\" class=\"elementor-item\">Tous<\/a><\/li>\n<li class=\"menu-item menu-item-type-post_type menu-item-object-page menu-item-14000\"><a href=\"https:\/\/larosegroupe.ch\/en\/faq\/acheteurs\/\" class=\"elementor-item\">Acheteurs<\/a><\/li>\n<li class=\"menu-item menu-item-type-post_type menu-item-object-page menu-item-14032\"><a href=\"https:\/\/larosegroupe.ch\/en\/faq\/investisseurs\/\" class=\"elementor-item\">Investisseurs<\/a><\/li>\n<li class=\"menu-item menu-item-type-post_type menu-item-object-page menu-item-15628\"><a href=\"https:\/\/larosegroupe.ch\/en\/faq\/vendeurs\/\" class=\"elementor-item\">Vendeurs<\/a><\/li>\n<\/ul>\t\t\t<\/nav>\n\t\t\t\t\t\t<nav class=\"elementor-nav-menu--dropdown elementor-nav-menu__container\" aria-hidden=\"true\">\n\t\t\t\t<ul id=\"menu-2-572a9c6\" class=\"elementor-nav-menu\"><li class=\"menu-item menu-item-type-post_type menu-item-object-page menu-item-13995\"><a href=\"https:\/\/larosegroupe.ch\/en\/faq\/\" class=\"elementor-item\" tabindex=\"-1\">Tous<\/a><\/li>\n<li class=\"menu-item menu-item-type-post_type menu-item-object-page menu-item-14000\"><a href=\"https:\/\/larosegroupe.ch\/en\/faq\/acheteurs\/\" class=\"elementor-item\" tabindex=\"-1\">Acheteurs<\/a><\/li>\n<li class=\"menu-item menu-item-type-post_type menu-item-object-page menu-item-14032\"><a href=\"https:\/\/larosegroupe.ch\/en\/faq\/investisseurs\/\" class=\"elementor-item\" tabindex=\"-1\">Investisseurs<\/a><\/li>\n<li class=\"menu-item menu-item-type-post_type menu-item-object-page menu-item-15628\"><a href=\"https:\/\/larosegroupe.ch\/en\/faq\/vendeurs\/\" class=\"elementor-item\" tabindex=\"-1\">Vendeurs<\/a><\/li>\n<\/ul>\t\t\t<\/nav>\n\t\t\t\t\t\t<\/div>\n\t\t\t\t<\/div>\n\t\t\t\t<div class=\"elementor-element elementor-element-a407ec0 elementor-widget elementor-widget-spacer\" data-id=\"a407ec0\" data-element_type=\"widget\" data-e-type=\"widget\" data-widget_type=\"spacer.default\">\n\t\t\t\t<div class=\"elementor-widget-container\">\n\t\t\t\t\t\t\t<div class=\"elementor-spacer\">\n\t\t\t<div class=\"elementor-spacer-inner\"><\/div>\n\t\t<\/div>\n\t\t\t\t\t\t<\/div>\n\t\t\t\t<\/div>\n\t\t\t\t\t<\/div>\n\t\t<\/div>\n\t\t\t\t\t<\/div>\n\t\t<\/section>\n\t\t\t\t<section class=\"elementor-section elementor-inner-section elementor-element elementor-element-6625ebc3 elementor-section-boxed elementor-section-height-default elementor-section-height-default\" data-id=\"6625ebc3\" data-element_type=\"section\" data-e-type=\"section\">\n\t\t\t\t\t\t<div class=\"elementor-container elementor-column-gap-default\">\n\t\t\t\t\t<div class=\"elementor-column elementor-col-100 elementor-inner-column elementor-element elementor-element-30305648\" data-id=\"30305648\" data-element_type=\"column\" data-e-type=\"column\">\n\t\t\t<div class=\"elementor-widget-wrap elementor-element-populated\">\n\t\t\t\t\t\t<div class=\"elementor-element elementor-element-2529a86 elementor-widget elementor-widget-eael-adv-accordion\" data-id=\"2529a86\" data-element_type=\"widget\" data-e-type=\"widget\" data-widget_type=\"eael-adv-accordion.default\">\n\t\t\t\t<div class=\"elementor-widget-container\">\n\t\t\t\t\t            <div class=\"eael-adv-accordion\" id=\"eael-adv-accordion-2529a86\" data-scroll-on-click=\"no\" data-scroll-speed=\"300\" data-accordion-id=\"2529a86\" data-accordion-type=\"toggle\" data-toogle-speed=\"300\">\n            <div class=\"eael-accordion-list\">\n\t\t\t\t\t<div id=\"acheter-en-nom-propre-ou-constituer-une-socit\" class=\"elementor-tab-title eael-accordion-header active-default\" tabindex=\"0\" data-tab=\"1\" aria-controls=\"elementor-tab-content-3891\"><span class=\"eael-accordion-tab-title\">Acheter en nom propre ou constituer une soci\u00e9t\u00e9?<\/span><i aria-hidden=\"true\" class=\"fa-toggle fas fa-chevron-right\"><\/i><\/div><div id=\"elementor-tab-content-3891\" class=\"eael-accordion-content clearfix active-default\" data-tab=\"1\" aria-labelledby=\"acheter-en-nom-propre-ou-constituer-une-socit\"><p class=\"x_MsoNormal\"><em>Cr\u00e9er une soci\u00e9t\u00e9 pr\u00e9sente plusieurs avantages\u00a0:<\/em><\/p><p>\u2022 Il n\u2019y a pas d&#8217;imp\u00f4t sur la plus-value lorsque vous vendez votre soci\u00e9t\u00e9, alors que quand vous vendez en nom propre vous devez non seulement payer un imp\u00f4t sur la plus-value mais aussi l\u2019acheteur devra s\u2019acquitter des frais de mutation de l\u2019ordre de 5%.<\/p><p>\u2022 De plus, le fait que l\u2019acheteur ne doive pas payer de frais de mutation permet de revendre la soci\u00e9t\u00e9 immobili\u00e8re plus ch\u00e8re.<\/p><p class=\"x_MsoNormal\">\u2022 La soci\u00e9t\u00e9 a aussi l\u2019avantage de vous prot\u00e9ger concernant les risques. Seule la soci\u00e9t\u00e9 est garante des cr\u00e9ances<\/p><p class=\"x_MsoNormal\">\u2022 La soci\u00e9t\u00e9 anonyme, comme son nom l\u2019indique, permet de rester anonyme pour celui et celle souhaitant rester discret. En effet, seul l\u2019office d\u2019imp\u00f4t conna\u00eet les propri\u00e9taires de la soci\u00e9t\u00e9 anonyme.<\/p><\/div>\n\t\t\t\t\t<\/div><div class=\"eael-accordion-list\">\n\t\t\t\t\t<div id=\"pourquoi-la-rose-groupe-a-t-elle-choisi-de-se-spcialiser-en-immeubles\" class=\"elementor-tab-title eael-accordion-header\" tabindex=\"0\" data-tab=\"2\" aria-controls=\"elementor-tab-content-3892\"><span class=\"eael-accordion-tab-title\">Pourquoi La Rose Groupe a-t-elle choisi de se sp\u00e9cialiser en Immeubles?<\/span><i aria-hidden=\"true\" class=\"fa-toggle fas fa-chevron-right\"><\/i><\/div><div id=\"elementor-tab-content-3892\" class=\"eael-accordion-content clearfix\" data-tab=\"2\" aria-labelledby=\"pourquoi-la-rose-groupe-a-t-elle-choisi-de-se-spcialiser-en-immeubles\"><p>Le domaine des immeubles de rendement est tr\u00e8s vaste et complexe et c\u2019est pourquoi nous nous sommes sp\u00e9cialis\u00e9s dans ce secteur, allant de la recherche de biens int\u00e9ressants, en passant par la r\u00e9novation et les transformations plus importantes. Chaque immeuble et chaque r\u00e9gion est sp\u00e9cifique, autant au niveau du march\u00e9 que des l\u00e9gislations en vigueur.<\/p><p>\u00a0<\/p><p>Acheter, vendre ou valoriser un immeuble demande de pouvoir apporter des projections financi\u00e8res pr\u00e9cise et une organisation efficace.<\/p><\/div>\n\t\t\t\t\t<\/div><\/div>\t\t\t\t<\/div>\n\t\t\t\t<\/div>\n\t\t\t\t\t<\/div>\n\t\t<\/div>\n\t\t\t\t\t<\/div>\n\t\t<\/section>\n\t\t\t\t\t<\/div>\n\t\t<\/div>\n\t\t\t\t\t<\/div>\n\t\t<\/section>\n\t\t\t\t<section class=\"elementor-section elementor-top-section elementor-element elementor-element-6b622eb elementor-section-boxed elementor-section-height-default elementor-section-height-default\" data-id=\"6b622eb\" data-element_type=\"section\" data-e-type=\"section\" data-settings=\"{&quot;background_background&quot;:&quot;classic&quot;}\">\n\t\t\t\t\t\t\t<div class=\"elementor-background-overlay\"><\/div>\n\t\t\t\t\t\t\t<div class=\"elementor-container elementor-column-gap-default\">\n\t\t\t\t\t<div class=\"elementor-column elementor-col-16 elementor-top-column elementor-element elementor-element-abd4d03\" data-id=\"abd4d03\" data-element_type=\"column\" data-e-type=\"column\">\n\t\t\t<div class=\"elementor-widget-wrap\">\n\t\t\t\t\t\t\t<\/div>\n\t\t<\/div>\n\t\t\t\t<div class=\"elementor-column elementor-col-66 elementor-top-column elementor-element elementor-element-69f1695\" data-id=\"69f1695\" data-element_type=\"column\" data-e-type=\"column\">\n\t\t\t<div class=\"elementor-widget-wrap elementor-element-populated\">\n\t\t\t\t\t\t<div class=\"elementor-element elementor-element-67b9a14 animated-slow elementor-invisible elementor-widget elementor-widget-heading\" data-id=\"67b9a14\" data-element_type=\"widget\" data-e-type=\"widget\" data-settings=\"{&quot;_animation&quot;:&quot;fadeIn&quot;}\" data-widget_type=\"heading.default\">\n\t\t\t\t<div class=\"elementor-widget-container\">\n\t\t\t\t\t<h3 class=\"elementor-heading-title elementor-size-default\">Posez-nous vos questions<\/h3>\t\t\t\t<\/div>\n\t\t\t\t<\/div>\n\t\t\t\t<div class=\"elementor-element elementor-element-4bd03c8 elementor-button-align-center elementor-tablet-button-align-center elementor-mobile-button-align-center elementor-widget elementor-widget-form\" data-id=\"4bd03c8\" data-element_type=\"widget\" data-e-type=\"widget\" data-settings=\"{&quot;step_next_label&quot;:&quot;Next&quot;,&quot;step_previous_label&quot;:&quot;Previous&quot;,&quot;button_width&quot;:&quot;100&quot;,&quot;step_type&quot;:&quot;number_text&quot;,&quot;step_icon_shape&quot;:&quot;circle&quot;}\" data-widget_type=\"form.default\">\n\t\t\t\t<div class=\"elementor-widget-container\">\n\t\t\t\t\t\t\t<form class=\"elementor-form\" method=\"post\" id=\"FAQ_question\" name=\"New Form\" aria-label=\"New Form\">\n\t\t\t<input type=\"hidden\" name=\"post_id\" value=\"10227\"\/>\n\t\t\t<input type=\"hidden\" name=\"form_id\" value=\"4bd03c8\"\/>\n\t\t\t<input type=\"hidden\" name=\"referer_title\" value=\"FAQ\" \/>\n\n\t\t\t\t\t\t\t<input type=\"hidden\" name=\"queried_id\" value=\"10227\"\/>\n\t\t\t\n\t\t\t<div class=\"elementor-form-fields-wrapper elementor-labels-\">\n\t\t\t\t\t\t\t\t<div class=\"elementor-field-type-text elementor-field-group elementor-column elementor-field-group-name elementor-col-50\">\n\t\t\t\t\t\t\t\t\t\t\t\t<label for=\"form-field-name\" class=\"elementor-field-label elementor-screen-only\">\n\t\t\t\t\t\t\t\tPr\u00e9nom\t\t\t\t\t\t\t<\/label>\n\t\t\t\t\t\t\t\t\t\t\t\t\t\t<input size=\"1\" type=\"text\" name=\"form_fields[name]\" id=\"form-field-name\" class=\"elementor-field elementor-size-sm  elementor-field-textual\" placeholder=\"Pr\u00e9nom\">\n\t\t\t\t\t\t\t\t\t\t\t<\/div>\n\t\t\t\t\t\t\t\t<div class=\"elementor-field-type-text elementor-field-group elementor-column elementor-field-group-field_80aae16 elementor-col-50 elementor-field-required\">\n\t\t\t\t\t\t\t\t\t\t\t\t<label for=\"form-field-field_80aae16\" class=\"elementor-field-label elementor-screen-only\">\n\t\t\t\t\t\t\t\tNom\t\t\t\t\t\t\t<\/label>\n\t\t\t\t\t\t\t\t\t\t\t\t\t\t<input size=\"1\" type=\"text\" name=\"form_fields[field_80aae16]\" id=\"form-field-field_80aae16\" class=\"elementor-field elementor-size-sm  elementor-field-textual\" placeholder=\"Nom*\" required=\"required\">\n\t\t\t\t\t\t\t\t\t\t\t<\/div>\n\t\t\t\t\t\t\t\t<div class=\"elementor-field-type-email elementor-field-group elementor-column elementor-field-group-email elementor-col-50 elementor-field-required\">\n\t\t\t\t\t\t\t\t\t\t\t\t<label for=\"form-field-email\" class=\"elementor-field-label elementor-screen-only\">\n\t\t\t\t\t\t\t\tEmail\t\t\t\t\t\t\t<\/label>\n\t\t\t\t\t\t\t\t\t\t\t\t\t\t<input size=\"1\" type=\"email\" name=\"form_fields[email]\" id=\"form-field-email\" class=\"elementor-field elementor-size-sm  elementor-field-textual\" placeholder=\"Email*\" required=\"required\">\n\t\t\t\t\t\t\t\t\t\t\t<\/div>\n\t\t\t\t\t\t\t\t<div class=\"elementor-field-type-tel elementor-field-group elementor-column elementor-field-group-field_2ab6dff elementor-col-50\">\n\t\t\t\t\t\t\t\t\t\t\t\t<label for=\"form-field-field_2ab6dff\" class=\"elementor-field-label elementor-screen-only\">\n\t\t\t\t\t\t\t\tPhone\t\t\t\t\t\t\t<\/label>\n\t\t\t\t\t\t\t\t<input size=\"1\" type=\"tel\" name=\"form_fields[field_2ab6dff]\" id=\"form-field-field_2ab6dff\" class=\"elementor-field elementor-size-sm  elementor-field-textual\" placeholder=\"Num\u00e9ro de t\u00e9l\u00e9phone\" pattern=\"[0-9()#&amp;+*-=.]+\" title=\"Seuls les caract\u00e8res de num\u00e9ros de t\u00e9l\u00e9phone (#, -, *, etc.) sont accept\u00e9s.\">\n\n\t\t\t\t\t\t<\/div>\n\t\t\t\t\t\t\t\t<div class=\"elementor-field-type-textarea elementor-field-group elementor-column elementor-field-group-message elementor-col-100\">\n\t\t\t\t\t\t\t\t\t\t\t\t<label for=\"form-field-message\" class=\"elementor-field-label elementor-screen-only\">\n\t\t\t\t\t\t\t\tMessage\t\t\t\t\t\t\t<\/label>\n\t\t\t\t\t\t<textarea class=\"elementor-field-textual elementor-field  elementor-size-sm\" name=\"form_fields[message]\" id=\"form-field-message\" rows=\"4\" placeholder=\"Demandez nous\"><\/textarea>\t\t\t\t<\/div>\n\t\t\t\t\t\t\t\t<div class=\"elementor-field-type-recaptcha elementor-field-group elementor-column elementor-field-group-field_401f6ee elementor-col-100\">\n\t\t\t\t\t<div class=\"elementor-field\" id=\"form-field-field_401f6ee\"><div class=\"elementor-g-recaptcha\" data-sitekey=\"6Lf6QIwkAAAAAB7WFlVvpkdJC7f9kSqMDcDpfhkK\" data-type=\"v2_checkbox\" data-theme=\"light\" data-size=\"normal\"><\/div><\/div>\t\t\t\t<\/div>\n\t\t\t\t\t\t\t\t<div class=\"elementor-field-group elementor-column elementor-field-type-submit elementor-col-100 e-form__buttons\">\n\t\t\t\t\t<button class=\"elementor-button elementor-size-sm\" type=\"submit\">\n\t\t\t\t\t\t<span class=\"elementor-button-content-wrapper\">\n\t\t\t\t\t\t\t\t\t\t\t\t\t\t\t\t\t\t\t\t\t\t<span class=\"elementor-button-text\">Envoyer<\/span>\n\t\t\t\t\t\t\t\t\t\t\t\t\t<\/span>\n\t\t\t\t\t<\/button>\n\t\t\t\t<\/div>\n\t\t\t<\/div>\n\t\t<\/form>\n\t\t\t\t\t\t<\/div>\n\t\t\t\t<\/div>\n\t\t\t\t\t<\/div>\n\t\t<\/div>\n\t\t\t\t<div class=\"elementor-column elementor-col-16 elementor-top-column elementor-element elementor-element-9109bf7\" data-id=\"9109bf7\" data-element_type=\"column\" data-e-type=\"column\">\n\t\t\t<div class=\"elementor-widget-wrap\">\n\t\t\t\t\t\t\t<\/div>\n\t\t<\/div>\n\t\t\t\t\t<\/div>\n\t\t<\/section>\n\t\t\t\t<\/div>\n\t\t","protected":false},"excerpt":{"rendered":"<p>FAQ Acheter en nom propre ou constituer une soci\u00e9t\u00e9? Cr\u00e9er une soci\u00e9t\u00e9 pr\u00e9sente plusieurs avantages\u00a0: \u2022 Il n\u2019y a pas d&#8217;imp\u00f4t sur la plus-value lorsque vous vendez votre soci\u00e9t\u00e9, alors que quand vous vendez en nom propre vous devez non seulement payer un imp\u00f4t sur la plus-value mais aussi l\u2019acheteur devra s\u2019acquitter des frais de&hellip;&nbsp;<a href=\"https:\/\/larosegroupe.ch\/en\/faq\/\" rel=\"bookmark\">Read More &raquo;<span class=\"screen-reader-text\">FAQ<\/span><\/a><\/p>","protected":false},"author":1,"featured_media":0,"parent":0,"menu_order":0,"comment_status":"closed","ping_status":"closed","template":"","meta":{"_acf_changed":false,"nf_dc_page":"","neve_meta_sidebar":"full-width","neve_meta_container":"full-width","neve_meta_enable_content_width":"on","neve_meta_content_width":100,"neve_meta_title_alignment":"","neve_meta_author_avatar":"","neve_post_elements_order":"","neve_meta_disable_header":"","neve_meta_disable_footer":"","neve_meta_disable_title":"","footnotes":""},"acheter":[],"class_list":["post-10227","page","type-page","status-publish","hentry"],"acf":[],"_links":{"self":[{"href":"https:\/\/larosegroupe.ch\/en\/wp-json\/wp\/v2\/pages\/10227","targetHints":{"allow":["GET"]}}],"collection":[{"href":"https:\/\/larosegroupe.ch\/en\/wp-json\/wp\/v2\/pages"}],"about":[{"href":"https:\/\/larosegroupe.ch\/en\/wp-json\/wp\/v2\/types\/page"}],"author":[{"embeddable":true,"href":"https:\/\/larosegroupe.ch\/en\/wp-json\/wp\/v2\/users\/1"}],"replies":[{"embeddable":true,"href":"https:\/\/larosegroupe.ch\/en\/wp-json\/wp\/v2\/comments?post=10227"}],"version-history":[{"count":138,"href":"https:\/\/larosegroupe.ch\/en\/wp-json\/wp\/v2\/pages\/10227\/revisions"}],"predecessor-version":[{"id":18109,"href":"https:\/\/larosegroupe.ch\/en\/wp-json\/wp\/v2\/pages\/10227\/revisions\/18109"}],"wp:attachment":[{"href":"https:\/\/larosegroupe.ch\/en\/wp-json\/wp\/v2\/media?parent=10227"}],"wp:term":[{"taxonomy":"acheter","embeddable":true,"href":"https:\/\/larosegroupe.ch\/en\/wp-json\/wp\/v2\/acheter?post=10227"}],"curies":[{"name":"wp","href":"https:\/\/api.w.org\/{rel}","templated":true}]}}